{"id":202,"date":"2025-05-19T09:47:01","date_gmt":"2025-05-19T09:47:01","guid":{"rendered":"https:\/\/pluginsquare.com\/?page_id=202"},"modified":"2025-09-05T12:03:54","modified_gmt":"2025-09-05T12:03:54","slug":"impressum","status":"publish","type":"page","link":"https:\/\/pluginsquare.com\/de\/impressum\/","title":{"rendered":"Impressum"},"content":{"rendered":"\t\t<div data-elementor-type=\"wp-page\" data-elementor-id=\"202\" class=\"elementor elementor-202\" data-elementor-post-type=\"page\">\n\t\t\t\t<div class=\"elementor-element elementor-element-7260741 e-flex e-con-boxed wpr-particle-no wpr-jarallax-no wpr-parallax-no wpr-sticky-section-no e-con e-parent\" data-id=\"7260741\" data-element_type=\"container\">\n\t\t\t\t\t<div class=\"e-con-inner\">\n\t\t\t\t<div class=\"elementor-element elementor-element-8b57f6e elementor-widget elementor-widget-heading\" data-id=\"8b57f6e\" data-element_type=\"widget\" data-widget_type=\"heading.default\">\n\t\t\t\t<div class=\"elementor-widget-container\">\n\t\t\t\t\t<h1 class=\"elementor-heading-title elementor-size-default\">Impressum<\/h1>\t\t\t\t<\/div>\n\t\t\t\t<\/div>\n\t\t\t\t\t<\/div>\n\t\t\t\t<\/div>\n\t\t<div class=\"elementor-element elementor-element-433b22d e-flex e-con-boxed wpr-particle-no wpr-jarallax-no wpr-parallax-no wpr-sticky-section-no e-con e-parent\" data-id=\"433b22d\" data-element_type=\"container\">\n\t\t\t\t\t<div class=\"e-con-inner\">\n\t\t\t\t<div class=\"elementor-element elementor-element-ad311b6 elementor-widget elementor-widget-text-editor\" data-id=\"ad311b6\" data-element_type=\"widget\" data-widget_type=\"text-editor.default\">\n\t\t\t\t<div class=\"elementor-widget-container\">\n\t\t\t\t\t\t\t\t\t<h2>Informationen \u00fcber den Anbieter<\/h2><p>Plugin Square<br \/>Eichb\u00fchlstrasse 36<br \/>8004 Z\u00fcrich<br \/>Schweiz<\/p><p>Vertreten durch:<br \/>Leonhard R\u00fcegg<\/p><p>Telefon: +49 (0) 40 696 39 10 33<br \/>E-Mail: info@pluginsquare.com<br \/><br \/>Hinweis auf EU-Streitschlichtung<br \/>Die Europ\u00e4ische Kommission stellt eine Plattform zur Online-Streitbeilegung (OS) bereit: https:\/\/ec.europa.eu\/consumers\/odr<br \/>Unsere E-Mail-Adresse finden Sie oben im Impressum.<\/p><p>\u00a0<\/p>\t\t\t\t\t\t\t\t<\/div>\n\t\t\t\t<\/div>\n\t\t\t\t\t<\/div>\n\t\t\t\t<\/div>\n\t\t\t\t<\/div>\n\t\t","protected":false},"excerpt":{"rendered":"<p>Impressum Informationen \u00fcber den Anbieter Plugin SquareEichb\u00fchlstrasse 368004 Z\u00fcrichSchweiz Vertreten durch:Leonhard R\u00fcegg Telefon: +49 (0) 40 696 39 10 33E-Mail: info@pluginsquare.com Hinweis auf EU-StreitschlichtungDie Europ\u00e4ische Kommission stellt eine Plattform zur Online-Streitbeilegung (OS) bereit: https:\/\/ec.europa.eu\/consumers\/odrUnsere E-Mail-Adresse finden Sie oben im Impressum. \u00a0<\/p>\n","protected":false},"author":1,"featured_media":0,"parent":0,"menu_order":0,"comment_status":"closed","ping_status":"closed","template":"","meta":{"footnotes":""},"class_list":["post-202","page","type-page","status-publish","hentry"],"_links":{"self":[{"href":"https:\/\/pluginsquare.com\/de\/wp-json\/wp\/v2\/pages\/202","targetHints":{"allow":["GET"]}}],"collection":[{"href":"https:\/\/pluginsquare.com\/de\/wp-json\/wp\/v2\/pages"}],"about":[{"href":"https:\/\/pluginsquare.com\/de\/wp-json\/wp\/v2\/types\/page"}],"author":[{"embeddable":true,"href":"https:\/\/pluginsquare.com\/de\/wp-json\/wp\/v2\/users\/1"}],"replies":[{"embeddable":true,"href":"https:\/\/pluginsquare.com\/de\/wp-json\/wp\/v2\/comments?post=202"}],"version-history":[{"count":5,"href":"https:\/\/pluginsquare.com\/de\/wp-json\/wp\/v2\/pages\/202\/revisions"}],"predecessor-version":[{"id":2439,"href":"https:\/\/pluginsquare.com\/de\/wp-json\/wp\/v2\/pages\/202\/revisions\/2439"}],"wp:attachment":[{"href":"https:\/\/pluginsquare.com\/de\/wp-json\/wp\/v2\/media?parent=202"}],"curies":[{"name":"wp","href":"https:\/\/api.w.org\/{rel}","templated":true}]}}